{"id":24,"date":"2023-05-17T17:31:39","date_gmt":"2023-05-17T17:31:39","guid":{"rendered":"https:\/\/golighthouse.com\/th\/?page_id=24"},"modified":"2023-05-17T18:14:56","modified_gmt":"2023-05-17T18:14:56","slug":"environmental-monitoring","status":"publish","type":"page","link":"https:\/\/www.golighthouse.com\/th\/environmental-monitoring\/","title":{"rendered":"Environmental Monitoring"},"content":{"rendered":"\t\t<div data-elementor-type=\"wp-page\" data-elementor-id=\"24\" class=\"elementor elementor-24\" data-elementor-post-type=\"page\">\n\t\t\t\t<div class=\"elementor-element elementor-element-3e8cbcc e-con-full e-flex e-con e-parent\" data-id=\"3e8cbcc\" data-element_type=\"container\" data-e-type=\"container\" data-settings=\"{&quot;background_background&quot;:&quot;classic&quot;,&quot;jet_parallax_layout_list&quot;:[]}\">\n\t\t<div class=\"elementor-element elementor-element-ddfa41d e-flex e-con-boxed e-con e-child\" data-id=\"ddfa41d\" data-element_type=\"container\" data-e-type=\"container\" data-settings=\"{&quot;jet_parallax_layout_list&quot;:[]}\">\n\t\t\t\t\t<div class=\"e-con-inner\">\n\t\t\t\t<div class=\"elementor-element elementor-element-c5940c4 elementor-invisible elementor-widget elementor-widget-heading\" data-id=\"c5940c4\" data-element_type=\"widget\" data-e-type=\"widget\" data-settings=\"{&quot;_animation&quot;:&quot;fadeInDown&quot;}\" data-widget_type=\"heading.default\">\n\t\t\t\t<div class=\"elementor-widget-container\">\n\t\t\t\t\t<h1 class=\"elementor-heading-title elementor-size-default\">Environmental Monitoring<\/h1>\t\t\t\t<\/div>\n\t\t\t\t<\/div>\n\t\t\t\t<div class=\"elementor-element elementor-element-5f746e8 elementor-widget elementor-widget-text-editor\" data-id=\"5f746e8\" data-element_type=\"widget\" data-e-type=\"widget\" data-widget_type=\"text-editor.default\">\n\t\t\t\t<div class=\"elementor-widget-container\">\n\t\t\t\t\t\t\t\t\t<p>\u00c7evresel \u0130zleme Sisteminiz ( EMS ) kontaminasyona kar\u015f\u0131 ilk savunma hatt\u0131n\u0131zd\u0131r &#8211; ve buna en fazla g\u00fcven duymal\u0131s\u0131n\u0131z. Burada LWS&#8217;de 40 y\u0131l\u0131 a\u015fk\u0131n uzmanl\u0131kla temiz hava teknolojisinde yol a\u00e7\u0131yoruz. Temiz hava teknolojimizi ihtiya\u00e7lar\u0131n\u0131z do\u011frultusunda tasarl\u0131yoruz, ihtiyac\u0131n\u0131z oldu\u011funu bilmeden neye ihtiyac\u0131n\u0131z oldu\u011funu tahmin ediyoruz. Amac\u0131m\u0131z hayat\u0131n\u0131z\u0131 kolayla\u015ft\u0131rmak ve temiz odan\u0131z\u0131 daha g\u00fcvenli hale getirmektir.<\/p>\t\t\t\t\t\t\t\t<\/div>\n\t\t\t\t<\/div>\n\t\t\t\t\t<\/div>\n\t\t\t\t<\/div>\n\t\t\t\t<\/div>\n\t\t<div class=\"elementor-element elementor-element-c9f9f2a e-flex e-con-boxed e-con e-parent\" data-id=\"c9f9f2a\" data-element_type=\"container\" data-e-type=\"container\" data-settings=\"{&quot;jet_parallax_layout_list&quot;:[]}\">\n\t\t\t\t\t<div class=\"e-con-inner\">\n\t\t<div class=\"elementor-element elementor-element-67061ed e-con-full e-flex e-con e-child\" data-id=\"67061ed\" data-element_type=\"container\" data-e-type=\"container\" data-settings=\"{&quot;jet_parallax_layout_list&quot;:[]}\">\n\t\t\t\t<div class=\"elementor-element elementor-element-9f22066 elementor-cta--skin-classic elementor-animated-content elementor-bg-transform elementor-bg-transform-zoom-in elementor-widget elementor-widget-call-to-action\" data-id=\"9f22066\" data-element_type=\"widget\" data-e-type=\"widget\" data-widget_type=\"call-to-action.default\">\n\t\t\t\t<div class=\"elementor-widget-container\">\n\t\t\t\t\t\t\t<a class=\"elementor-cta\" href=\"https:\/\/golighthouse.com\/th\/environmental-monitoring\/airborne-particle-counters\/\">\n\t\t\t\t\t<div class=\"elementor-cta__bg-wrapper\">\n\t\t\t\t<div class=\"elementor-cta__bg elementor-bg\" style=\"background-image: url(https:\/\/www.golighthouse.com\/th\/wp-content\/uploads\/2023\/05\/Apex-Z3-screen-01-01.jpg);\" role=\"img\" aria-label=\"ApexZ\"><\/div>\n\t\t\t\t<div class=\"elementor-cta__bg-overlay\"><\/div>\n\t\t\t<\/div>\n\t\t\t\t\t\t\t<div class=\"elementor-cta__content\">\n\t\t\t\t\n\t\t\t\t\t\t\t\t\t<h2 class=\"elementor-cta__title elementor-cta__content-item elementor-content-item\">\n\t\t\t\t\t\tAirborne Particle Counters\t\t\t\t\t<\/h2>\n\t\t\t\t\n\t\t\t\t\t\t\t\t\t<div class=\"elementor-cta__description elementor-cta__content-item elementor-content-item\">\n\t\t\t\t\t\tLWS airborne particle counters set the standard for accuracy, ergonomics, and self-diagnostics.\n\t\t\t\t\t<\/div>\n\t\t\t\t\n\t\t\t\t\t\t\t\t\t<div class=\"elementor-cta__button-wrapper elementor-cta__content-item elementor-content-item \">\n\t\t\t\t\t<span class=\"elementor-cta__button elementor-button elementor-size-\">\n\t\t\t\t\t\tView Products\t\t\t\t\t<\/span>\n\t\t\t\t\t<\/div>\n\t\t\t\t\t\t\t<\/div>\n\t\t\t\t\t\t<\/a>\n\t\t\t\t\t\t<\/div>\n\t\t\t\t<\/div>\n\t\t\t\t<\/div>\n\t\t<div class=\"elementor-element elementor-element-137c77d e-con-full e-flex e-con e-child\" data-id=\"137c77d\" data-element_type=\"container\" data-e-type=\"container\" data-settings=\"{&quot;jet_parallax_layout_list&quot;:[]}\">\n\t\t\t\t<div class=\"elementor-element elementor-element-f05bb0f elementor-cta--skin-classic elementor-animated-content elementor-bg-transform elementor-bg-transform-zoom-in elementor-widget elementor-widget-call-to-action\" data-id=\"f05bb0f\" data-element_type=\"widget\" data-e-type=\"widget\" data-widget_type=\"call-to-action.default\">\n\t\t\t\t<div class=\"elementor-widget-container\">\n\t\t\t\t\t\t\t<a class=\"elementor-cta\" href=\"https:\/\/golighthouse.com\/th\/environmental-monitoring\/liquid-particle-counters\/\">\n\t\t\t\t\t<div class=\"elementor-cta__bg-wrapper\">\n\t\t\t\t<div class=\"elementor-cta__bg elementor-bg\" style=\"background-image: url(https:\/\/www.golighthouse.com\/th\/wp-content\/uploads\/2023\/05\/700x700-remote-lpc.jpg);\" role=\"img\" aria-label=\"700x700-remote-lpc.jpg\"><\/div>\n\t\t\t\t<div class=\"elementor-cta__bg-overlay\"><\/div>\n\t\t\t<\/div>\n\t\t\t\t\t\t\t<div class=\"elementor-cta__content\">\n\t\t\t\t\n\t\t\t\t\t\t\t\t\t<h2 class=\"elementor-cta__title elementor-cta__content-item elementor-content-item\">\n\t\t\t\t\t\tLiquid Particle Counters\t\t\t\t\t<\/h2>\n\t\t\t\t\n\t\t\t\t\t\t\t\t\t<div class=\"elementor-cta__description elementor-cta__content-item elementor-content-item\">\n\t\t\t\t\t\tLWS liquid particle counters are where gamma immunity and sensitivity meet. With built in USP 788 compliance and custom reports, our liquid particle counters are designed to make your life easier. \n\t\t\t\t\t<\/div>\n\t\t\t\t\n\t\t\t\t\t\t\t\t\t<div class=\"elementor-cta__button-wrapper elementor-cta__content-item elementor-content-item \">\n\t\t\t\t\t<span class=\"elementor-cta__button elementor-button elementor-size-\">\n\t\t\t\t\t\tView Products\t\t\t\t\t<\/span>\n\t\t\t\t\t<\/div>\n\t\t\t\t\t\t\t<\/div>\n\t\t\t\t\t\t<\/a>\n\t\t\t\t\t\t<\/div>\n\t\t\t\t<\/div>\n\t\t\t\t<\/div>\n\t\t<div class=\"elementor-element elementor-element-9cf7b4f e-con-full e-flex e-con e-child\" data-id=\"9cf7b4f\" data-element_type=\"container\" data-e-type=\"container\" data-settings=\"{&quot;jet_parallax_layout_list&quot;:[]}\">\n\t\t\t\t<div class=\"elementor-element elementor-element-45e35c5 elementor-cta--skin-classic elementor-animated-content elementor-bg-transform elementor-bg-transform-zoom-in elementor-widget elementor-widget-call-to-action\" data-id=\"45e35c5\" data-element_type=\"widget\" data-e-type=\"widget\" data-widget_type=\"call-to-action.default\">\n\t\t\t\t<div class=\"elementor-widget-container\">\n\t\t\t\t\t\t\t<a class=\"elementor-cta\" href=\"https:\/\/golighthouse.com\/th\/environmental-monitoring\/microbial-samplers\/\">\n\t\t\t\t\t<div class=\"elementor-cta__bg-wrapper\">\n\t\t\t\t<div class=\"elementor-cta__bg elementor-bg\" style=\"background-image: url(https:\/\/www.golighthouse.com\/th\/wp-content\/uploads\/2023\/05\/100H-Plain-handle-up-01-3-768x675.jpg);\" role=\"img\" aria-label=\"100H-Plain-handle-up-01-3.jpg\"><\/div>\n\t\t\t\t<div class=\"elementor-cta__bg-overlay\"><\/div>\n\t\t\t<\/div>\n\t\t\t\t\t\t\t<div class=\"elementor-cta__content\">\n\t\t\t\t\n\t\t\t\t\t\t\t\t\t<h2 class=\"elementor-cta__title elementor-cta__content-item elementor-content-item\">\n\t\t\t\t\t\tMicrobial Samplers\t\t\t\t\t<\/h2>\n\t\t\t\t\n\t\t\t\t\t\t\t\t\t<div class=\"elementor-cta__description elementor-cta__content-item elementor-content-item\">\n\t\t\t\t\t\tLWS offers powerful remote monitoring with microbial samplers (or active air samplers) that is easy to integrate into your real-time environmental monitoring program. \n\t\t\t\t\t<\/div>\n\t\t\t\t\n\t\t\t\t\t\t\t\t\t<div class=\"elementor-cta__button-wrapper elementor-cta__content-item elementor-content-item \">\n\t\t\t\t\t<span class=\"elementor-cta__button elementor-button elementor-size-\">\n\t\t\t\t\t\tView Products\t\t\t\t\t<\/span>\n\t\t\t\t\t<\/div>\n\t\t\t\t\t\t\t<\/div>\n\t\t\t\t\t\t<\/a>\n\t\t\t\t\t\t<\/div>\n\t\t\t\t<\/div>\n\t\t\t\t<\/div>\n\t\t\t\t\t<\/div>\n\t\t\t\t<\/div>\n\t\t<div class=\"elementor-element elementor-element-72985c0 e-flex e-con-boxed e-con e-parent\" data-id=\"72985c0\" data-element_type=\"container\" data-e-type=\"container\" data-settings=\"{&quot;jet_parallax_layout_list&quot;:[]}\">\n\t\t\t\t\t<div class=\"e-con-inner\">\n\t\t<div class=\"elementor-element elementor-element-d47f863 e-con-full e-flex e-con e-child\" data-id=\"d47f863\" data-element_type=\"container\" data-e-type=\"container\" data-settings=\"{&quot;jet_parallax_layout_list&quot;:[]}\">\n\t\t\t\t<div class=\"elementor-element elementor-element-a504a40 elementor-cta--skin-classic elementor-animated-content elementor-bg-transform elementor-bg-transform-zoom-in elementor-widget elementor-widget-call-to-action\" data-id=\"a504a40\" data-element_type=\"widget\" data-e-type=\"widget\" data-widget_type=\"call-to-action.default\">\n\t\t\t\t<div class=\"elementor-widget-container\">\n\t\t\t\t\t\t\t<a class=\"elementor-cta\" href=\"https:\/\/golighthouse.com\/th\/environmental-monitoring\/environmental-sensors\/\">\n\t\t\t\t\t<div class=\"elementor-cta__bg-wrapper\">\n\t\t\t\t<div class=\"elementor-cta__bg elementor-bg\" style=\"background-image: url(https:\/\/www.golighthouse.com\/th\/wp-content\/uploads\/2023\/05\/001-TRH-on-Medical-Wall.jpg);\" role=\"img\" aria-label=\"001-TRH-on-Medical-Wall.jpg\"><\/div>\n\t\t\t\t<div class=\"elementor-cta__bg-overlay\"><\/div>\n\t\t\t<\/div>\n\t\t\t\t\t\t\t<div class=\"elementor-cta__content\">\n\t\t\t\t\n\t\t\t\t\t\t\t\t\t<h2 class=\"elementor-cta__title elementor-cta__content-item elementor-content-item\">\n\t\t\t\t\t\tEnvironmental Sensors\t\t\t\t\t<\/h2>\n\t\t\t\t\n\t\t\t\t\t\t\t\t\t<div class=\"elementor-cta__description elementor-cta__content-item elementor-content-item\">\n\t\t\t\t\t\tWe developed our environmental sensors based on our years of experience in cleanrooms and similar environments. They are designed to know your needs before you do. \n\t\t\t\t\t<\/div>\n\t\t\t\t\n\t\t\t\t\t\t\t\t\t<div class=\"elementor-cta__button-wrapper elementor-cta__content-item elementor-content-item \">\n\t\t\t\t\t<span class=\"elementor-cta__button elementor-button elementor-size-\">\n\t\t\t\t\t\tView Products\t\t\t\t\t<\/span>\n\t\t\t\t\t<\/div>\n\t\t\t\t\t\t\t<\/div>\n\t\t\t\t\t\t<\/a>\n\t\t\t\t\t\t<\/div>\n\t\t\t\t<\/div>\n\t\t\t\t<\/div>\n\t\t<div class=\"elementor-element elementor-element-599f685 e-con-full e-flex e-con e-child\" data-id=\"599f685\" data-element_type=\"container\" data-e-type=\"container\" data-settings=\"{&quot;jet_parallax_layout_list&quot;:[]}\">\n\t\t\t\t<div class=\"elementor-element elementor-element-0d7c43e elementor-cta--skin-classic elementor-animated-content elementor-bg-transform elementor-bg-transform-zoom-in elementor-widget elementor-widget-call-to-action\" data-id=\"0d7c43e\" data-element_type=\"widget\" data-e-type=\"widget\" data-widget_type=\"call-to-action.default\">\n\t\t\t\t<div class=\"elementor-widget-container\">\n\t\t\t\t\t\t\t<a class=\"elementor-cta\" href=\"https:\/\/golighthouse.com\/th\/environmental-monitoring\/real-time-monitoring-systems\/\">\n\t\t\t\t\t<div class=\"elementor-cta__bg-wrapper\">\n\t\t\t\t<div class=\"elementor-cta__bg elementor-bg\" style=\"background-image: url(https:\/\/www.golighthouse.com\/th\/wp-content\/uploads\/2023\/05\/001-environmental-monitoring2.jpg);\" role=\"img\" aria-label=\"001-environmental-monitoring2.jpg\"><\/div>\n\t\t\t\t<div class=\"elementor-cta__bg-overlay\"><\/div>\n\t\t\t<\/div>\n\t\t\t\t\t\t\t<div class=\"elementor-cta__content\">\n\t\t\t\t\n\t\t\t\t\t\t\t\t\t<h2 class=\"elementor-cta__title elementor-cta__content-item elementor-content-item\">\n\t\t\t\t\t\tReal Time Monitoring Systems\t\t\t\t\t<\/h2>\n\t\t\t\t\n\t\t\t\t\t\t\t\t\t<div class=\"elementor-cta__description elementor-cta__content-item elementor-content-item\">\n\t\t\t\t\t\tOur comprehensive real time monitoring systems with our intuitive LMS Express software provide the ultimate confidence in your cleanroom\u2019s integrity. \n\t\t\t\t\t<\/div>\n\t\t\t\t\n\t\t\t\t\t\t\t\t\t<div class=\"elementor-cta__button-wrapper elementor-cta__content-item elementor-content-item \">\n\t\t\t\t\t<span class=\"elementor-cta__button elementor-button elementor-size-\">\n\t\t\t\t\t\tView Products\t\t\t\t\t<\/span>\n\t\t\t\t\t<\/div>\n\t\t\t\t\t\t\t<\/div>\n\t\t\t\t\t\t<\/a>\n\t\t\t\t\t\t<\/div>\n\t\t\t\t<\/div>\n\t\t\t\t<\/div>\n\t\t<div class=\"elementor-element elementor-element-1d053a9 e-con-full e-flex e-con e-child\" data-id=\"1d053a9\" data-element_type=\"container\" data-e-type=\"container\" data-settings=\"{&quot;jet_parallax_layout_list&quot;:[]}\">\n\t\t\t\t<\/div>\n\t\t\t\t\t<\/div>\n\t\t\t\t<\/div>\n\t\t\t\t<\/div>\n\t\t","protected":false},"excerpt":{"rendered":"<p>\u00c7evresel \u0130zleme Sisteminiz ( EMS ) kontaminasyona kar\u015f\u0131 ilk savunma hatt\u0131n\u0131zd\u0131r &#8211; ve buna en fazla g\u00fcven duymal\u0131s\u0131n\u0131z. Burada LWS&#8217;de 40 y\u0131l\u0131 a\u015fk\u0131n uzmanl\u0131kla temiz hava teknolojisinde yol a\u00e7\u0131yoruz. Temiz hava teknolojimizi ihtiya\u00e7lar\u0131n\u0131z do\u011frultusunda tasarl\u0131yoruz, ihtiyac\u0131n\u0131z oldu\u011funu bilmeden neye ihtiyac\u0131n\u0131z oldu\u011funu tahmin ediyoruz. Amac\u0131m\u0131z hayat\u0131n\u0131z\u0131 kolayla\u015ft\u0131rmak ve temiz odan\u0131z\u0131 daha g\u00fcvenli hale getirmektir. Airborne Particle [&hellip;]<\/p>\n","protected":false},"author":1,"featured_media":0,"parent":0,"menu_order":0,"comment_status":"closed","ping_status":"closed","template":"elementor_header_footer","meta":{"footnotes":""},"class_list":["post-24","page","type-page","status-publish","hentry"],"yoast_head":"<!-- This site is optimized with the Yoast SEO plugin v27.3 - https:\/\/yoast.com\/product\/yoast-seo-wordpress\/ -->\n<title>Environmental Monitoring - Thailand<\/title>\n<meta name=\"robots\" content=\"index, follow, max-snippet:-1, max-image-preview:large, max-video-preview:-1\" \/>\n<link rel=\"canonical\" href=\"https:\/\/golighthouse.com\/th\/environmental-monitoring\/\" \/>\n<meta property=\"og:locale\" content=\"en_US\" \/>\n<meta property=\"og:type\" content=\"article\" \/>\n<meta property=\"og:title\" content=\"Environmental Monitoring - Thailand\" \/>\n<meta property=\"og:description\" content=\"\u00c7evresel \u0130zleme Sisteminiz ( EMS ) kontaminasyona kar\u015f\u0131 ilk savunma hatt\u0131n\u0131zd\u0131r &#8211; ve buna en fazla g\u00fcven duymal\u0131s\u0131n\u0131z. Burada LWS&#8217;de 40 y\u0131l\u0131 a\u015fk\u0131n uzmanl\u0131kla temiz hava teknolojisinde yol a\u00e7\u0131yoruz. Temiz hava teknolojimizi ihtiya\u00e7lar\u0131n\u0131z do\u011frultusunda tasarl\u0131yoruz, ihtiyac\u0131n\u0131z oldu\u011funu bilmeden neye ihtiyac\u0131n\u0131z oldu\u011funu tahmin ediyoruz. Amac\u0131m\u0131z hayat\u0131n\u0131z\u0131 kolayla\u015ft\u0131rmak ve temiz odan\u0131z\u0131 daha g\u00fcvenli hale getirmektir. Airborne Particle [&hellip;]\" \/>\n<meta property=\"og:url\" content=\"https:\/\/golighthouse.com\/th\/environmental-monitoring\/\" \/>\n<meta property=\"og:site_name\" content=\"Thailand\" \/>\n<meta property=\"article:modified_time\" content=\"2023-05-17T18:14:56+00:00\" \/>\n<meta name=\"twitter:card\" content=\"summary_large_image\" \/>\n<meta name=\"twitter:label1\" content=\"Est. reading time\" \/>\n\t<meta name=\"twitter:data1\" content=\"1 minute\" \/>\n<script type=\"application\/ld+json\" class=\"yoast-schema-graph\">{\"@context\":\"https:\\\/\\\/schema.org\",\"@graph\":[{\"@type\":\"WebPage\",\"@id\":\"https:\\\/\\\/golighthouse.com\\\/th\\\/environmental-monitoring\\\/\",\"url\":\"https:\\\/\\\/golighthouse.com\\\/th\\\/environmental-monitoring\\\/\",\"name\":\"Environmental Monitoring - Thailand\",\"isPartOf\":{\"@id\":\"https:\\\/\\\/www.golighthouse.com\\\/th\\\/#website\"},\"datePublished\":\"2023-05-17T17:31:39+00:00\",\"dateModified\":\"2023-05-17T18:14:56+00:00\",\"inLanguage\":\"en-US\",\"potentialAction\":[{\"@type\":\"ReadAction\",\"target\":[\"https:\\\/\\\/golighthouse.com\\\/th\\\/environmental-monitoring\\\/\"]}]},{\"@type\":\"WebSite\",\"@id\":\"https:\\\/\\\/www.golighthouse.com\\\/th\\\/#website\",\"url\":\"https:\\\/\\\/www.golighthouse.com\\\/th\\\/\",\"name\":\"Thailand\",\"description\":\"Just another WordPress site\",\"publisher\":{\"@id\":\"https:\\\/\\\/www.golighthouse.com\\\/th\\\/#organization\"},\"potentialAction\":[{\"@type\":\"SearchAction\",\"target\":{\"@type\":\"EntryPoint\",\"urlTemplate\":\"https:\\\/\\\/www.golighthouse.com\\\/th\\\/?s={search_term_string}\"},\"query-input\":{\"@type\":\"PropertyValueSpecification\",\"valueRequired\":true,\"valueName\":\"search_term_string\"}}],\"inLanguage\":\"en-US\"},{\"@type\":\"Organization\",\"@id\":\"https:\\\/\\\/www.golighthouse.com\\\/th\\\/#organization\",\"name\":\"Thailand\",\"url\":\"https:\\\/\\\/www.golighthouse.com\\\/th\\\/\",\"logo\":{\"@type\":\"ImageObject\",\"inLanguage\":\"en-US\",\"@id\":\"https:\\\/\\\/www.golighthouse.com\\\/th\\\/#\\\/schema\\\/logo\\\/image\\\/\",\"url\":\"https:\\\/\\\/www.golighthouse.com\\\/th\\\/wp-content\\\/uploads\\\/2023\\\/05\\\/LWS_logo_139x80-1.png\",\"contentUrl\":\"https:\\\/\\\/www.golighthouse.com\\\/th\\\/wp-content\\\/uploads\\\/2023\\\/05\\\/LWS_logo_139x80-1.png\",\"width\":139,\"height\":80,\"caption\":\"Thailand\"},\"image\":{\"@id\":\"https:\\\/\\\/www.golighthouse.com\\\/th\\\/#\\\/schema\\\/logo\\\/image\\\/\"}}]}<\/script>\n<!-- \/ Yoast SEO plugin. -->","yoast_head_json":{"title":"Environmental Monitoring - Thailand","robots":{"index":"index","follow":"follow","max-snippet":"max-snippet:-1","max-image-preview":"max-image-preview:large","max-video-preview":"max-video-preview:-1"},"canonical":"https:\/\/golighthouse.com\/th\/environmental-monitoring\/","og_locale":"en_US","og_type":"article","og_title":"Environmental Monitoring - Thailand","og_description":"\u00c7evresel \u0130zleme Sisteminiz ( EMS ) kontaminasyona kar\u015f\u0131 ilk savunma hatt\u0131n\u0131zd\u0131r &#8211; ve buna en fazla g\u00fcven duymal\u0131s\u0131n\u0131z. Burada LWS&#8217;de 40 y\u0131l\u0131 a\u015fk\u0131n uzmanl\u0131kla temiz hava teknolojisinde yol a\u00e7\u0131yoruz. Temiz hava teknolojimizi ihtiya\u00e7lar\u0131n\u0131z do\u011frultusunda tasarl\u0131yoruz, ihtiyac\u0131n\u0131z oldu\u011funu bilmeden neye ihtiyac\u0131n\u0131z oldu\u011funu tahmin ediyoruz. Amac\u0131m\u0131z hayat\u0131n\u0131z\u0131 kolayla\u015ft\u0131rmak ve temiz odan\u0131z\u0131 daha g\u00fcvenli hale getirmektir. Airborne Particle [&hellip;]","og_url":"https:\/\/golighthouse.com\/th\/environmental-monitoring\/","og_site_name":"Thailand","article_modified_time":"2023-05-17T18:14:56+00:00","twitter_card":"summary_large_image","twitter_misc":{"Est. reading time":"1 minute"},"schema":{"@context":"https:\/\/schema.org","@graph":[{"@type":"WebPage","@id":"https:\/\/golighthouse.com\/th\/environmental-monitoring\/","url":"https:\/\/golighthouse.com\/th\/environmental-monitoring\/","name":"Environmental Monitoring - Thailand","isPartOf":{"@id":"https:\/\/www.golighthouse.com\/th\/#website"},"datePublished":"2023-05-17T17:31:39+00:00","dateModified":"2023-05-17T18:14:56+00:00","inLanguage":"en-US","potentialAction":[{"@type":"ReadAction","target":["https:\/\/golighthouse.com\/th\/environmental-monitoring\/"]}]},{"@type":"WebSite","@id":"https:\/\/www.golighthouse.com\/th\/#website","url":"https:\/\/www.golighthouse.com\/th\/","name":"Thailand","description":"Just another WordPress site","publisher":{"@id":"https:\/\/www.golighthouse.com\/th\/#organization"},"potentialAction":[{"@type":"SearchAction","target":{"@type":"EntryPoint","urlTemplate":"https:\/\/www.golighthouse.com\/th\/?s={search_term_string}"},"query-input":{"@type":"PropertyValueSpecification","valueRequired":true,"valueName":"search_term_string"}}],"inLanguage":"en-US"},{"@type":"Organization","@id":"https:\/\/www.golighthouse.com\/th\/#organization","name":"Thailand","url":"https:\/\/www.golighthouse.com\/th\/","logo":{"@type":"ImageObject","inLanguage":"en-US","@id":"https:\/\/www.golighthouse.com\/th\/#\/schema\/logo\/image\/","url":"https:\/\/www.golighthouse.com\/th\/wp-content\/uploads\/2023\/05\/LWS_logo_139x80-1.png","contentUrl":"https:\/\/www.golighthouse.com\/th\/wp-content\/uploads\/2023\/05\/LWS_logo_139x80-1.png","width":139,"height":80,"caption":"Thailand"},"image":{"@id":"https:\/\/www.golighthouse.com\/th\/#\/schema\/logo\/image\/"}}]}},"_links":{"self":[{"href":"https:\/\/www.golighthouse.com\/th\/wp-json\/wp\/v2\/pages\/24","targetHints":{"allow":["GET"]}}],"collection":[{"href":"https:\/\/www.golighthouse.com\/th\/wp-json\/wp\/v2\/pages"}],"about":[{"href":"https:\/\/www.golighthouse.com\/th\/wp-json\/wp\/v2\/types\/page"}],"author":[{"embeddable":true,"href":"https:\/\/www.golighthouse.com\/th\/wp-json\/wp\/v2\/users\/1"}],"replies":[{"embeddable":true,"href":"https:\/\/www.golighthouse.com\/th\/wp-json\/wp\/v2\/comments?post=24"}],"version-history":[{"count":16,"href":"https:\/\/www.golighthouse.com\/th\/wp-json\/wp\/v2\/pages\/24\/revisions"}],"predecessor-version":[{"id":69,"href":"https:\/\/www.golighthouse.com\/th\/wp-json\/wp\/v2\/pages\/24\/revisions\/69"}],"wp:attachment":[{"href":"https:\/\/www.golighthouse.com\/th\/wp-json\/wp\/v2\/media?parent=24"}],"curies":[{"name":"wp","href":"https:\/\/api.w.org\/{rel}","templated":true}]}}